{"id":8732,"date":"2020-08-03T17:46:26","date_gmt":"2020-08-03T15:46:26","guid":{"rendered":"http:\/\/joaquinschmidt.com\/?page_id=8732"},"modified":"2025-05-27T10:42:54","modified_gmt":"2025-05-27T08:42:54","slug":"coordinates","status":"publish","type":"page","link":"https:\/\/www.joaquinschmidt.com\/en\/coordinates\/","title":{"rendered":"Coordinates"},"content":{"rendered":"<div class=\"parchetit\">\n<h2 class=\"reservas\">&#8220;I don\u2019t follow the script&#8221;<\/h2>\n<p>39\u00b028&#8217;60.0&#8243;N 0\u00b022&#8217;38.0&#8243;W<\/p>\n<\/div>\n<p>This website finished <em>cooking<\/em> on 4th September 2020.<\/p>\n<p>The team: Pau Soriano, Lupe Mart\u00ednez, Joaqu\u00edn Schmidt, Benja Carreres, V\u00edctor Mart\u00ednez, Daniel Garc\u00eda-Sala and Teresa Dom\u00e9nech.<\/p>\n<p>Collaborators: Javier Latorre, Jes\u00fas Trelis, Regina Schmidt, Brenda Cremer, Julia Schmidt and Bego\u00f1a Frades.<\/p>\n<h3>You can reach us at:<\/h3>\n<ul class=\"contactlist\">\n<li><a href=\"tel:%20+34%20670%20750%20217\u200b\u200b\"><img decoding=\"async\" class=\"alignnone\" src=\"https:\/\/www.joaquinschmidt.com\/wp-content\/uploads\/2025\/05\/icon-telefono.svg\" alt=\"icono telefono\" width=\"auto\" height=\"24\" \/> +34 670 750 217\u200b<\/a><\/li>\n<li><img decoding=\"async\" class=\"alignnone\" src=\"https:\/\/www.joaquinschmidt.com\/wp-content\/uploads\/2025\/05\/icon-email.svg\" alt=\"email\" width=\"22\" height=\"auto\" \/> info@joaquinschmidt.com<\/li>\n<li><a href=\"https:\/\/www.openstreetmap.org\/?mlat=39.483322352170944&amp;mlon=-0.3772178292274475#map=18\/39.48329\/-0.37746\" target=\"_blank\" rel=\"nofollow noopener\"><img decoding=\"async\" class=\"alignnone\" src=\"https:\/\/www.joaquinschmidt.com\/wp-content\/uploads\/2025\/05\/icon-ubicacion.svg\" alt=\"ubicaci\u00f3n\" width=\"auto\" height=\"24\" \/> Visitaci\u00f3n, 7 &#8211; 46009 Val\u00e8ncia &#8211; Spain<\/a><\/li>\n<li>Bus: L\u00edneas 1 &#8211; 28 &#8211; 29 &#8211; 79 &#8211; 95 &#8211; N3<\/li>\n<li>Metro: L\u00ednea 4<\/li>\n<li><a href=\"https:\/\/www.google.es\/maps\/@39.4828833,-0.3782909,3a,75y,359.72h,90t\/data=!3m7!1e1!3m5!1ss5ht-p64KeHuJgYMW0O3Qg!2e0!6s%2F%2Fgeo1.ggpht.com%2Fcbk%3Fpanoid%3Ds5ht-p64KeHuJgYMW0O3Qg%26output%3Dthumbnail%26cb_client%3Dsearch.revgeo_and_fetch.gps%26thumb%3D2%26w%3D96%26h%3D64%26yaw%3D359.7189%26pitch%3D0%26thumbfov%3D100!7i13312!8i6656?hl=es\" target=\"_blank\" rel=\"nofollow noopener\"><img decoding=\"async\" class=\"alignnone\" src=\"https:\/\/www.joaquinschmidt.com\/wp-content\/uploads\/2025\/05\/icon-parking.svg\" alt=\"parking\" width=\"auto\" height=\"24\" \/> Llano de Zaidia, 5. Parking gratuito<\/a><\/li>\n<\/ul>\n<p><iframe loading=\"lazy\" style=\"border: 0px solid black;\" src=\"https:\/\/www.openstreetmap.org\/export\/embed.html?bbox=-0.3787440061569214%2C39.48254936971731%2C-0.3756916522979737%2C39.48409784558125&amp;layer=mapnik&amp;marker=39.483317401493984%2C-0.3772178292274475\" width=\"100%\" height=\"240\" frameborder=\"0\" marginwidth=\"0\" marginheight=\"0\" scrolling=\"no\"><\/iframe><\/p>\n","protected":false},"excerpt":{"rendered":"<p>&#8220;I don\u2019t follow the script&#8221; 39\u00b028&#8217;60.0&#8243;N 0\u00b022&#8217;38.0&#8243;W This website finished cooking on 4th September 2020. The team: Pau Soriano, Lupe Mart\u00ednez, Joaqu\u00edn Schmidt, Benja Carreres, V\u00edctor Mart\u00ednez, Daniel &hellip;<\/p>\n","protected":false},"author":2,"featured_media":23858,"parent":0,"menu_order":0,"comment_status":"closed","ping_status":"closed","template":"","meta":{"footnotes":""},"class_list":["post-8732","page","type-page","status-publish","has-post-thumbnail","hentry"],"aioseo_notices":[],"_links":{"self":[{"href":"https:\/\/www.joaquinschmidt.com\/en\/wp-json\/wp\/v2\/pages\/8732","targetHints":{"allow":["GET"]}}],"collection":[{"href":"https:\/\/www.joaquinschmidt.com\/en\/wp-json\/wp\/v2\/pages"}],"about":[{"href":"https:\/\/www.joaquinschmidt.com\/en\/wp-json\/wp\/v2\/types\/page"}],"author":[{"embeddable":true,"href":"https:\/\/www.joaquinschmidt.com\/en\/wp-json\/wp\/v2\/users\/2"}],"replies":[{"embeddable":true,"href":"https:\/\/www.joaquinschmidt.com\/en\/wp-json\/wp\/v2\/comments?post=8732"}],"version-history":[{"count":2,"href":"https:\/\/www.joaquinschmidt.com\/en\/wp-json\/wp\/v2\/pages\/8732\/revisions"}],"predecessor-version":[{"id":24172,"href":"https:\/\/www.joaquinschmidt.com\/en\/wp-json\/wp\/v2\/pages\/8732\/revisions\/24172"}],"wp:featuredmedia":[{"embeddable":true,"href":"https:\/\/www.joaquinschmidt.com\/en\/wp-json\/wp\/v2\/media\/23858"}],"wp:attachment":[{"href":"https:\/\/www.joaquinschmidt.com\/en\/wp-json\/wp\/v2\/media?parent=8732"}],"curies":[{"name":"wp","href":"https:\/\/api.w.org\/{rel}","templated":true}]}}